{"id":285,"date":"2023-04-24T18:25:46","date_gmt":"2023-04-24T18:25:46","guid":{"rendered":"http:\/\/nodem.de\/?page_id=285"},"modified":"2023-05-06T17:01:28","modified_gmt":"2023-05-06T17:01:28","slug":"data-protection","status":"publish","type":"page","link":"https:\/\/nodem.de\/index.php\/en\/data-protection\/","title":{"rendered":"Data Protection"},"content":{"rendered":"\t\t<div data-elementor-type=\"wp-page\" data-elementor-id=\"285\" class=\"elementor elementor-285\">\n\t\t\t\t\t\t<section class=\"elementor-section elementor-top-section elementor-element elementor-element-01ae1f5 elementor-section-boxed elementor-section-height-default elementor-section-height-default\" data-id=\"01ae1f5\" data-element_type=\"section\">\n\t\t\t\t\t\t<div class=\"elementor-container elementor-column-gap-default\">\n\t\t\t\t\t<div class=\"elementor-column elementor-col-100 elementor-top-column elementor-element elementor-element-d0e65ed\" data-id=\"d0e65ed\" data-element_type=\"column\">\n\t\t\t<div class=\"elementor-widget-wrap elementor-element-populated\">\n\t\t\t\t\t\t<div class=\"elementor-element elementor-element-5f7dab1 elementor-widget elementor-widget-text-editor\" data-id=\"5f7dab1\" data-element_type=\"widget\" data-settings=\"{&quot;ekit_we_effect_on&quot;:&quot;none&quot;}\" data-widget_type=\"text-editor.default\">\n\t\t\t\t<div class=\"elementor-widget-container\">\n\t\t\t<style>\/*! elementor - v3.23.0 - 05-08-2024 *\/\n.elementor-widget-text-editor.elementor-drop-cap-view-stacked .elementor-drop-cap{background-color:#69727d;color:#fff}.elementor-widget-text-editor.elementor-drop-cap-view-framed .elementor-drop-cap{color:#69727d;border:3px solid;background-color:transparent}.elementor-widget-text-editor:not(.elementor-drop-cap-view-default) .elementor-drop-cap{margin-top:8px}.elementor-widget-text-editor:not(.elementor-drop-cap-view-default) .elementor-drop-cap-letter{width:1em;height:1em}.elementor-widget-text-editor .elementor-drop-cap{float:left;text-align:center;line-height:1;font-size:50px}.elementor-widget-text-editor .elementor-drop-cap-letter{display:inline-block}<\/style>\t\t\t\t<p>Wir freuen uns \u00fcber Ihr Interesse an unserem Unternehmen und unseren Produkten und Dienstleistungen. Wir nehmen den Schutz Ihrer personenbezogenen Daten sehr ernst und halten uns an die geltenden Datenschutzgesetze.<\/p><p>\u00a0<\/p><p><strong>Verantwortliche Stelle<\/strong><\/p><p>\u00a0<\/p><p>Verantwortliche Stelle im Sinne der Datenschutzgesetze ist:<\/p><p>\u00a0<\/p><p>Nodem GbR<\/p><p>Dr.-Geiger-Weg 3a<\/p><p>94032 Passau<\/p><p>Deutschland<\/p><p>\u00a0<\/p><p>Erhebung, Verarbeitung und Nutzung von personenbezogenen Daten. Wir erheben, verarbeiten und nutzen personenbezogene Daten nur, soweit dies zur Durchf\u00fchrung eines Vertragsverh\u00e4ltnisses oder zur Erbringung unserer Dienstleistungen erforderlich ist. Dabei halten wir uns an die Vorgaben der EU-Datenschutzgrundverordnung (DSGVO). Weitergabe von personenbezogenen Daten an Dritte. Eine Weitergabe Ihrer personenbezogenen Daten an Dritte findet nur statt, soweit dies zur Erf\u00fcllung eines Vertragsverh\u00e4ltnisses oder zur Erbringung unserer Dienstleistungen erforderlich ist. Eine dar\u00fcber hinausgehende Weitergabe Ihrer personenbezogenen Daten erfolgt nur mit Ihrer ausdr\u00fccklichen Einwilligung oder aufgrund gesetzlicher Vorschriften. Speicherung und L\u00f6schung von personenbezogenen Daten. Wir speichern personenbezogene Daten nur so lange, wie dies zur Erf\u00fcllung des Vertragsverh\u00e4ltnisses oder zur Erbringung unserer Dienstleistungen erforderlich ist oder gesetzliche Vorschriften dies vorsehen. Danach werden die personenbezogenen Daten gel\u00f6scht.<\/p><p>\u00a0<\/p><p><strong>Auskunftsrecht und Widerrufsrecht<\/strong><\/p><p>\u00a0<\/p><p>Sie haben das Recht, jederzeit Auskunft \u00fcber Ihre bei uns gespeicherten personenbezogenen Daten zu erhalten. Sie k\u00f6nnen jederzeit die L\u00f6schung oder Berichtigung Ihrer personenbezogenen Daten verlangen oder eine erteilte Einwilligung zur Verarbeitung Ihrer personenbezogenen Daten widerrufen.<\/p><p>\u00a0<\/p><p><strong>Datensicherheit<\/strong><\/p><p>\u00a0<\/p><p>Wir treffen alle notwendigen technischen und organisatorischen Ma\u00dfnahmen, um Ihre personenbezogenen Daten gegen Verlust, Zerst\u00f6rung, Manipulation oder unberechtigten Zugriff zu sch\u00fctzen.<\/p><p>\u00c4nderungen dieser Datenschutzerkl\u00e4rung<\/p><p>Wir behalten uns das Recht vor, diese Datenschutzerkl\u00e4rung jederzeit mit Wirkung f\u00fcr die Zukunft zu \u00e4ndern. Die jeweils aktuelle Version ist auf unserer Webseite verf\u00fcgbar.<\/p><p>\u00a0<\/p><p><strong>Kontakt<\/strong><\/p><p>\u00a0<\/p><p>Wenn Sie Fragen zur Erhebung, Verarbeitung oder Nutzung Ihrer personenbezogenen Daten haben, oder wenn Sie Auskunft, Berichtigung oder L\u00f6schung Ihrer personenbezogenen Daten w\u00fcnschen, wenden Sie sich bitte an:<\/p><p>\u00a0<\/p><p>Nodem GbR<\/p><p>Dr.-Geiger-Weg 3a<\/p><p>94032 Passau<\/p><p>Deutschland<\/p><p>Email: contact@nodem.de<\/p>\t\t\t\t\t\t<\/div>\n\t\t\t\t<\/div>\n\t\t\t\t\t<\/div>\n\t\t<\/div>\n\t\t\t\t\t<\/div>\n\t\t<\/section>\n\t\t\t\t<\/div>\n\t\t","protected":false},"excerpt":{"rendered":"<p>Wir freuen uns \u00fcber Ihr Interesse an unserem Unternehmen und unseren Produkten und Dienstleistungen. Wir nehmen den Schutz Ihrer personenbezogenen Daten sehr ernst und halten uns an die geltenden Datenschutzgesetze. \u00a0 Verantwortliche Stelle \u00a0 Verantwortliche Stelle im Sinne der Datenschutzgesetze ist: \u00a0 Nodem GbR Dr.-Geiger-Weg 3a 94032 Passau Deutschland \u00a0 Erhebung, Verarbeitung und Nutzung von [&hellip;]<\/p>\n","protected":false},"author":2,"featured_media":0,"parent":0,"menu_order":0,"comment_status":"closed","ping_status":"closed","template":"","meta":[],"_links":{"self":[{"href":"https:\/\/nodem.de\/index.php\/wp-json\/wp\/v2\/pages\/285"}],"collection":[{"href":"https:\/\/nodem.de\/index.php\/wp-json\/wp\/v2\/pages"}],"about":[{"href":"https:\/\/nodem.de\/index.php\/wp-json\/wp\/v2\/types\/page"}],"author":[{"embeddable":true,"href":"https:\/\/nodem.de\/index.php\/wp-json\/wp\/v2\/users\/2"}],"replies":[{"embeddable":true,"href":"https:\/\/nodem.de\/index.php\/wp-json\/wp\/v2\/comments?post=285"}],"version-history":[{"count":16,"href":"https:\/\/nodem.de\/index.php\/wp-json\/wp\/v2\/pages\/285\/revisions"}],"predecessor-version":[{"id":864,"href":"https:\/\/nodem.de\/index.php\/wp-json\/wp\/v2\/pages\/285\/revisions\/864"}],"wp:attachment":[{"href":"https:\/\/nodem.de\/index.php\/wp-json\/wp\/v2\/media?parent=285"}],"curies":[{"name":"wp","href":"https:\/\/api.w.org\/{rel}","templated":true}]}}