{"id":24,"date":"2023-04-24T15:32:37","date_gmt":"2023-04-24T15:32:37","guid":{"rendered":"http:\/\/nodem.de\/?page_id=24"},"modified":"2023-05-07T11:48:04","modified_gmt":"2023-05-07T11:48:04","slug":"home","status":"publish","type":"page","link":"https:\/\/nodem.de\/","title":{"rendered":"Home"},"content":{"rendered":"\t\t<div data-elementor-type=\"wp-page\" data-elementor-id=\"24\" class=\"elementor elementor-24\">\n\t\t\t\t\t\t<section class=\"elementor-section elementor-top-section elementor-element elementor-element-8b71c71 elementor-section-full_width elementor-section-height-min-height elementor-section-items-stretch elementor-section-content-middle elementor-section-height-default\" data-id=\"8b71c71\" data-element_type=\"section\" id=\"1\">\n\t\t\t\t\t\t<div class=\"elementor-container elementor-column-gap-default\">\n\t\t\t\t\t<div class=\"elementor-column elementor-col-50 elementor-top-column elementor-element elementor-element-55cfac2\" data-id=\"55cfac2\" data-element_type=\"column\" data-settings=\"{&quot;background_background&quot;:&quot;classic&quot;}\">\n\t\t\t<div class=\"elementor-widget-wrap elementor-element-populated\">\n\t\t\t\t\t\t<div class=\"elementor-element elementor-element-8a5088c elementor-widget__width-initial elementor-widget elementor-widget-heading\" data-id=\"8a5088c\" data-element_type=\"widget\" data-settings=\"{&quot;ekit_we_effect_on&quot;:&quot;none&quot;}\" data-widget_type=\"heading.default\">\n\t\t\t\t<div class=\"elementor-widget-container\">\n\t\t\t<style>\/*! elementor - v3.23.0 - 05-08-2024 *\/\n.elementor-heading-title{padding:0;margin:0;line-height:1}.elementor-widget-heading .elementor-heading-title[class*=elementor-size-]>a{color:inherit;font-size:inherit;line-height:inherit}.elementor-widget-heading .elementor-heading-title.elementor-size-small{font-size:15px}.elementor-widget-heading .elementor-heading-title.elementor-size-medium{font-size:19px}.elementor-widget-heading .elementor-heading-title.elementor-size-large{font-size:29px}.elementor-widget-heading .elementor-heading-title.elementor-size-xl{font-size:39px}.elementor-widget-heading .elementor-heading-title.elementor-size-xxl{font-size:59px}<\/style><h2 class=\"elementor-heading-title elementor-size-default\">Willkommen<\/h2>\t\t<\/div>\n\t\t\t\t<\/div>\n\t\t\t\t<div class=\"elementor-element elementor-element-44911e2 elementor-widget elementor-widget-text-editor\" data-id=\"44911e2\" data-element_type=\"widget\" data-settings=\"{&quot;ekit_we_effect_on&quot;:&quot;none&quot;}\" data-widget_type=\"text-editor.default\">\n\t\t\t\t<div class=\"elementor-widget-container\">\n\t\t\t<style>\/*! elementor - v3.23.0 - 05-08-2024 *\/\n.elementor-widget-text-editor.elementor-drop-cap-view-stacked .elementor-drop-cap{background-color:#69727d;color:#fff}.elementor-widget-text-editor.elementor-drop-cap-view-framed .elementor-drop-cap{color:#69727d;border:3px solid;background-color:transparent}.elementor-widget-text-editor:not(.elementor-drop-cap-view-default) .elementor-drop-cap{margin-top:8px}.elementor-widget-text-editor:not(.elementor-drop-cap-view-default) .elementor-drop-cap-letter{width:1em;height:1em}.elementor-widget-text-editor .elementor-drop-cap{float:left;text-align:center;line-height:1;font-size:50px}.elementor-widget-text-editor .elementor-drop-cap-letter{display:inline-block}<\/style>\t\t\t\t<p>Unsere Firma ist ein innovatives Unternehmen im Bereich E-Commerce. Wir entwickeln Produkte mit dem Fokus auf hohe Funktionalit\u00e4t zu einem sehr guten Preis-Leistungs-Verh\u00e4ltnis. Unsere breite Produktpalette erweitern wir dabei kontinuierlich. Wir verkaufen unsere Produkte \u00fcber Online-Marktpl\u00e4tze europaweit.<\/p>\t\t\t\t\t\t<\/div>\n\t\t\t\t<\/div>\n\t\t\t\t<div class=\"elementor-element elementor-element-1dd2266 elementor-widget elementor-widget-button\" data-id=\"1dd2266\" data-element_type=\"widget\" data-settings=\"{&quot;ekit_we_effect_on&quot;:&quot;none&quot;}\" data-widget_type=\"button.default\">\n\t\t\t\t<div class=\"elementor-widget-container\">\n\t\t\t\t\t<div class=\"elementor-button-wrapper\">\n\t\t\t<a class=\"elementor-button elementor-button-link elementor-size-md\" href=\"#3\">\n\t\t\t\t\t\t<span class=\"elementor-button-content-wrapper\">\n\t\t\t\t\t\t\t\t\t<span class=\"elementor-button-text\">mehr \u00fcber uns<\/span>\n\t\t\t\t\t<\/span>\n\t\t\t\t\t<\/a>\n\t\t<\/div>\n\t\t\t\t<\/div>\n\t\t\t\t<\/div>\n\t\t\t\t\t<\/div>\n\t\t<\/div>\n\t\t\t\t<div class=\"elementor-column elementor-col-50 elementor-top-column elementor-element elementor-element-1efb75f elementor-hidden-mobile\" data-id=\"1efb75f\" data-element_type=\"column\">\n\t\t\t<div class=\"elementor-widget-wrap\">\n\t\t\t\t\t\t\t<\/div>\n\t\t<\/div>\n\t\t\t\t\t<\/div>\n\t\t<\/section>\n\t\t\t\t<section class=\"elementor-section elementor-top-section elementor-element elementor-element-c0323c1 elementor-section-full_width elementor-section-height-min-height elementor-section-items-stretch elementor-section-content-middle elementor-section-height-default\" data-id=\"c0323c1\" data-element_type=\"section\" id=\"3\">\n\t\t\t\t\t\t<div class=\"elementor-container elementor-column-gap-default\">\n\t\t\t\t\t<div class=\"elementor-column elementor-col-50 elementor-top-column elementor-element elementor-element-7a53c79\" data-id=\"7a53c79\" data-element_type=\"column\">\n\t\t\t<div class=\"elementor-widget-wrap elementor-element-populated\">\n\t\t\t\t\t\t<div class=\"elementor-element elementor-element-8135c07 elementor-widget__width-initial elementor-widget elementor-widget-heading\" data-id=\"8135c07\" data-element_type=\"widget\" data-settings=\"{&quot;ekit_we_effect_on&quot;:&quot;none&quot;}\" data-widget_type=\"heading.default\">\n\t\t\t\t<div class=\"elementor-widget-container\">\n\t\t\t<h2 class=\"elementor-heading-title elementor-size-default\">\u00dcber uns<\/h2>\t\t<\/div>\n\t\t\t\t<\/div>\n\t\t\t\t<div class=\"elementor-element elementor-element-695f472 elementor-widget elementor-widget-text-editor\" data-id=\"695f472\" data-element_type=\"widget\" data-settings=\"{&quot;ekit_we_effect_on&quot;:&quot;none&quot;}\" data-widget_type=\"text-editor.default\">\n\t\t\t\t<div class=\"elementor-widget-container\">\n\t\t\t\t\t\t\t<p>Wir sind stolz darauf, dass unser Unternehmen seinen Sitz in Bayern hat. Unsere Region ist bekannt f\u00fcr ihre traditionsreiche Kultur und ihre gleichzeitig innovative Wirtschaftslandschaft. Auch wir haben uns das Ziel gesetzt, nah am Menschen zu sein. So steht f\u00fcr uns der Kunde im Mittelpunkt.<\/p>\t\t\t\t\t\t<\/div>\n\t\t\t\t<\/div>\n\t\t\t\t\t<\/div>\n\t\t<\/div>\n\t\t\t\t<div class=\"elementor-column elementor-col-50 elementor-top-column elementor-element elementor-element-64d09ca elementor-hidden-mobile\" data-id=\"64d09ca\" data-element_type=\"column\" data-settings=\"{&quot;background_background&quot;:&quot;classic&quot;}\">\n\t\t\t<div class=\"elementor-widget-wrap\">\n\t\t\t\t\t\t\t<\/div>\n\t\t<\/div>\n\t\t\t\t\t<\/div>\n\t\t<\/section>\n\t\t\t\t<section class=\"elementor-section elementor-top-section elementor-element elementor-element-0982838 elementor-section-full_width elementor-section-height-min-height elementor-section-items-stretch elementor-section-content-middle elementor-section-height-default\" data-id=\"0982838\" data-element_type=\"section\" id=\"2\">\n\t\t\t\t\t\t<div class=\"elementor-container elementor-column-gap-default\">\n\t\t\t\t\t<div class=\"elementor-column elementor-col-50 elementor-top-column elementor-element elementor-element-9d60e06\" data-id=\"9d60e06\" data-element_type=\"column\" data-settings=\"{&quot;background_background&quot;:&quot;classic&quot;}\">\n\t\t\t<div class=\"elementor-widget-wrap elementor-element-populated\">\n\t\t\t\t\t\t<div class=\"elementor-element elementor-element-4e25e7b elementor-widget__width-initial elementor-widget elementor-widget-heading\" data-id=\"4e25e7b\" data-element_type=\"widget\" id=\"2\" data-settings=\"{&quot;ekit_we_effect_on&quot;:&quot;none&quot;}\" data-widget_type=\"heading.default\">\n\t\t\t\t<div class=\"elementor-widget-container\">\n\t\t\t<h2 class=\"elementor-heading-title elementor-size-default\">Marke Deana<\/h2>\t\t<\/div>\n\t\t\t\t<\/div>\n\t\t\t\t<div class=\"elementor-element elementor-element-3fc839d elementor-widget elementor-widget-text-editor\" data-id=\"3fc839d\" data-element_type=\"widget\" data-settings=\"{&quot;ekit_we_effect_on&quot;:&quot;none&quot;}\" data-widget_type=\"text-editor.default\">\n\t\t\t\t<div class=\"elementor-widget-container\">\n\t\t\t\t\t\t\t<p><span style=\"font-weight: 400;\">Deana <\/span><span style=\"font-weight: 400;\">umfasst eine breite Auswahl an hochwertigen und zuverl\u00e4ssigen Produkten im Bereich Gesundheit, Hygiene und Wohnen.\u00a0 Sie sollen das Wohlbefinden unserer Kunden unterst\u00fctzen und sind auf die unterschiedlichen Bed\u00fcrfnisse und Anforderungen zugeschnitten. Dabei zeichnen sich unsere Produkte durch ihre hohe Qualit\u00e4t, Effektivit\u00e4t und Preisleistung aus. Mit Deana leisten wir einen wichtigen Beitrag zur Verbesserung des individuellen Wohlbefindens.<\/span><\/p>\t\t\t\t\t\t<\/div>\n\t\t\t\t<\/div>\n\t\t\t\t<div class=\"elementor-element elementor-element-cee6dd7 elementor-widget elementor-widget-button\" data-id=\"cee6dd7\" data-element_type=\"widget\" data-settings=\"{&quot;ekit_we_effect_on&quot;:&quot;none&quot;}\" data-widget_type=\"button.default\">\n\t\t\t\t<div class=\"elementor-widget-container\">\n\t\t\t\t\t<div class=\"elementor-button-wrapper\">\n\t\t\t<a class=\"elementor-button elementor-size-md\" role=\"button\">\n\t\t\t\t\t\t<span class=\"elementor-button-content-wrapper\">\n\t\t\t\t\t\t\t\t\t<span class=\"elementor-button-text\">unsere Marken<\/span>\n\t\t\t\t\t<\/span>\n\t\t\t\t\t<\/a>\n\t\t<\/div>\n\t\t\t\t<\/div>\n\t\t\t\t<\/div>\n\t\t\t\t\t<\/div>\n\t\t<\/div>\n\t\t\t\t<div class=\"elementor-column elementor-col-50 elementor-top-column elementor-element elementor-element-7344eb0\" data-id=\"7344eb0\" data-element_type=\"column\">\n\t\t\t<div class=\"elementor-widget-wrap elementor-element-populated\">\n\t\t\t\t\t\t<div class=\"elementor-element elementor-element-b82f290 elementor-invisible elementor-widget elementor-widget-image\" data-id=\"b82f290\" data-element_type=\"widget\" data-settings=\"{&quot;_animation&quot;:&quot;fadeInRight&quot;,&quot;ekit_we_effect_on&quot;:&quot;none&quot;}\" data-widget_type=\"image.default\">\n\t\t\t\t<div class=\"elementor-widget-container\">\n\t\t\t<style>\/*! elementor - v3.23.0 - 05-08-2024 *\/\n.elementor-widget-image{text-align:center}.elementor-widget-image a{display:inline-block}.elementor-widget-image a img[src$=\".svg\"]{width:48px}.elementor-widget-image img{vertical-align:middle;display:inline-block}<\/style>\t\t\t\t\t\t\t\t\t\t<img fetchpriority=\"high\" decoding=\"async\" width=\"800\" height=\"317\" src=\"https:\/\/nodem.de\/wp-content\/uploads\/2023\/05\/DEANA_BLAU_2000DPI-3-1024x406.png\" class=\"attachment-large size-large wp-image-754\" alt=\"\" srcset=\"https:\/\/nodem.de\/wp-content\/uploads\/2023\/05\/DEANA_BLAU_2000DPI-3-1024x406.png 1024w, https:\/\/nodem.de\/wp-content\/uploads\/2023\/05\/DEANA_BLAU_2000DPI-3-300x119.png 300w, https:\/\/nodem.de\/wp-content\/uploads\/2023\/05\/DEANA_BLAU_2000DPI-3-768x304.png 768w, https:\/\/nodem.de\/wp-content\/uploads\/2023\/05\/DEANA_BLAU_2000DPI-3-1536x609.png 1536w, https:\/\/nodem.de\/wp-content\/uploads\/2023\/05\/DEANA_BLAU_2000DPI-3-2048x812.png 2048w\" sizes=\"(max-width: 800px) 100vw, 800px\" \/>\t\t\t\t\t\t\t\t\t\t\t\t\t<\/div>\n\t\t\t\t<\/div>\n\t\t\t\t\t<\/div>\n\t\t<\/div>\n\t\t\t\t\t<\/div>\n\t\t<\/section>\n\t\t\t\t<section class=\"elementor-section elementor-top-section elementor-element elementor-element-25ece9f elementor-section-full_width elementor-section-height-min-height elementor-section-items-stretch elementor-section-content-middle elementor-section-height-default\" data-id=\"25ece9f\" data-element_type=\"section\" id=\"4\">\n\t\t\t\t\t\t<div class=\"elementor-container elementor-column-gap-default\">\n\t\t\t\t\t<div class=\"elementor-column elementor-col-50 elementor-top-column elementor-element elementor-element-0bd6db7\" data-id=\"0bd6db7\" data-element_type=\"column\">\n\t\t\t<div class=\"elementor-widget-wrap elementor-element-populated\">\n\t\t\t\t\t\t<div class=\"elementor-element elementor-element-6a7a9c8 elementor-widget__width-initial elementor-widget elementor-widget-heading\" data-id=\"6a7a9c8\" data-element_type=\"widget\" data-settings=\"{&quot;ekit_we_effect_on&quot;:&quot;none&quot;}\" data-widget_type=\"heading.default\">\n\t\t\t\t<div class=\"elementor-widget-container\">\n\t\t\t<h2 class=\"elementor-heading-title elementor-size-default\">Karriere<\/h2>\t\t<\/div>\n\t\t\t\t<\/div>\n\t\t\t\t<div class=\"elementor-element elementor-element-dda1857 elementor-widget elementor-widget-text-editor\" data-id=\"dda1857\" data-element_type=\"widget\" data-settings=\"{&quot;ekit_we_effect_on&quot;:&quot;none&quot;}\" data-widget_type=\"text-editor.default\">\n\t\t\t\t<div class=\"elementor-widget-container\">\n\t\t\t\t\t\t\t<p>The Sky is the Limits. Wir wachsen und suchen dabei st\u00e4ndig nach neuen Teammitgliedern.<\/p><p>Unser Recruiting ist darauf ausgerichtet, die besten Talente zu finden und f\u00fcr unser Unternehmen zu gewinnen. Unser Ziel ist es, Kollegen zu finden, die langfristig in unser Unternehmen passen und sich mit unseren Werten und Zielen identifizieren k\u00f6nnen. Wir sind davon \u00fcberzeugt, dass ein erfolgreiches Recruiting nicht nur dazu beitr\u00e4gt, unsere Stellen mit den richtigen Personen zu besetzen, sondern auch zur Weiterentwicklung unseres Unternehmens beitr\u00e4gt.<\/p>\t\t\t\t\t\t<\/div>\n\t\t\t\t<\/div>\n\t\t\t\t<div class=\"elementor-element elementor-element-1859d02 elementor-widget elementor-widget-button\" data-id=\"1859d02\" data-element_type=\"widget\" data-settings=\"{&quot;ekit_we_effect_on&quot;:&quot;none&quot;}\" data-widget_type=\"button.default\">\n\t\t\t\t<div class=\"elementor-widget-container\">\n\t\t\t\t\t<div class=\"elementor-button-wrapper\">\n\t\t\t<a class=\"elementor-button elementor-button-link elementor-size-md\" href=\"https:\/\/nodem.de\/index.php\/job-opening\/\">\n\t\t\t\t\t\t<span class=\"elementor-button-content-wrapper\">\n\t\t\t\t\t\t\t\t\t<span class=\"elementor-button-text\">jetzt bewerben<\/span>\n\t\t\t\t\t<\/span>\n\t\t\t\t\t<\/a>\n\t\t<\/div>\n\t\t\t\t<\/div>\n\t\t\t\t<\/div>\n\t\t\t\t\t<\/div>\n\t\t<\/div>\n\t\t\t\t<div class=\"elementor-column elementor-col-50 elementor-top-column elementor-element elementor-element-11a9334 elementor-hidden-mobile\" data-id=\"11a9334\" data-element_type=\"column\" data-settings=\"{&quot;background_background&quot;:&quot;classic&quot;}\">\n\t\t\t<div class=\"elementor-widget-wrap\">\n\t\t\t\t\t\t\t<\/div>\n\t\t<\/div>\n\t\t\t\t\t<\/div>\n\t\t<\/section>\n\t\t\t\t<section class=\"elementor-section elementor-top-section elementor-element elementor-element-a94c462 elementor-section-full_width elementor-section-height-min-height elementor-section-items-stretch elementor-section-content-middle elementor-section-height-default\" data-id=\"a94c462\" data-element_type=\"section\" id=\"5\">\n\t\t\t\t\t\t<div class=\"elementor-container elementor-column-gap-default\">\n\t\t\t\t\t<div class=\"elementor-column elementor-col-50 elementor-top-column elementor-element elementor-element-02c1987\" data-id=\"02c1987\" data-element_type=\"column\" data-settings=\"{&quot;background_background&quot;:&quot;classic&quot;}\">\n\t\t\t<div class=\"elementor-widget-wrap elementor-element-populated\">\n\t\t\t\t\t\t<div class=\"elementor-element elementor-element-4428c5d elementor-widget__width-initial elementor-widget elementor-widget-heading\" data-id=\"4428c5d\" data-element_type=\"widget\" data-settings=\"{&quot;ekit_we_effect_on&quot;:&quot;none&quot;}\" data-widget_type=\"heading.default\">\n\t\t\t\t<div class=\"elementor-widget-container\">\n\t\t\t<h2 class=\"elementor-heading-title elementor-size-default\">Kontakt<\/h2>\t\t<\/div>\n\t\t\t\t<\/div>\n\t\t\t\t<div class=\"elementor-element elementor-element-f352fdb elementor-widget elementor-widget-heading\" data-id=\"f352fdb\" data-element_type=\"widget\" data-settings=\"{&quot;ekit_we_effect_on&quot;:&quot;none&quot;}\" data-widget_type=\"heading.default\">\n\t\t\t\t<div class=\"elementor-widget-container\">\n\t\t\t<h2 class=\"elementor-heading-title elementor-size-default\">Kontakt f\u00fcr Lieferanten:<\/h2>\t\t<\/div>\n\t\t\t\t<\/div>\n\t\t\t\t<div class=\"elementor-element elementor-element-d4197d4 elementor-icon-list--layout-traditional elementor-list-item-link-full_width elementor-widget elementor-widget-icon-list\" data-id=\"d4197d4\" data-element_type=\"widget\" data-settings=\"{&quot;ekit_we_effect_on&quot;:&quot;none&quot;}\" data-widget_type=\"icon-list.default\">\n\t\t\t\t<div class=\"elementor-widget-container\">\n\t\t\t<link rel=\"stylesheet\" href=\"https:\/\/nodem.de\/wp-content\/plugins\/elementor\/assets\/css\/widget-icon-list.min.css\">\t\t<ul class=\"elementor-icon-list-items\">\n\t\t\t\t\t\t\t<li class=\"elementor-icon-list-item\">\n\t\t\t\t\t\t\t\t\t\t\t<a href=\"mailto:contact@nodem.de\">\n\n\t\t\t\t\t\t\t\t\t\t\t\t<span class=\"elementor-icon-list-icon\">\n\t\t\t\t\t\t\t<i aria-hidden=\"true\" class=\"far fa-envelope\"><\/i>\t\t\t\t\t\t<\/span>\n\t\t\t\t\t\t\t\t\t\t<span class=\"elementor-icon-list-text\">contact@nodem.de<\/span>\n\t\t\t\t\t\t\t\t\t\t\t<\/a>\n\t\t\t\t\t\t\t\t\t<\/li>\n\t\t\t\t\t\t\t\t<li class=\"elementor-icon-list-item\">\n\t\t\t\t\t\t\t\t\t\t\t<a href=\"tel:+49%20157%2034414868\">\n\n\t\t\t\t\t\t\t\t\t\t\t\t<span class=\"elementor-icon-list-icon\">\n\t\t\t\t\t\t\t<i aria-hidden=\"true\" class=\"fas fa-phone-alt\"><\/i>\t\t\t\t\t\t<\/span>\n\t\t\t\t\t\t\t\t\t\t<span class=\"elementor-icon-list-text\">+49 157 3441 4868<\/span>\n\t\t\t\t\t\t\t\t\t\t\t<\/a>\n\t\t\t\t\t\t\t\t\t<\/li>\n\t\t\t\t\t\t<\/ul>\n\t\t\t\t<\/div>\n\t\t\t\t<\/div>\n\t\t\t\t<div class=\"elementor-element elementor-element-2fa9a70 elementor-widget elementor-widget-heading\" data-id=\"2fa9a70\" data-element_type=\"widget\" data-settings=\"{&quot;ekit_we_effect_on&quot;:&quot;none&quot;}\" data-widget_type=\"heading.default\">\n\t\t\t\t<div class=\"elementor-widget-container\">\n\t\t\t<h2 class=\"elementor-heading-title elementor-size-default\">Kontakt f\u00fcr Recruiting:<\/h2>\t\t<\/div>\n\t\t\t\t<\/div>\n\t\t\t\t<div class=\"elementor-element elementor-element-325eb93 elementor-icon-list--layout-traditional elementor-list-item-link-full_width elementor-widget elementor-widget-icon-list\" data-id=\"325eb93\" data-element_type=\"widget\" data-settings=\"{&quot;ekit_we_effect_on&quot;:&quot;none&quot;}\" data-widget_type=\"icon-list.default\">\n\t\t\t\t<div class=\"elementor-widget-container\">\n\t\t\t\t\t<ul class=\"elementor-icon-list-items\">\n\t\t\t\t\t\t\t<li class=\"elementor-icon-list-item\">\n\t\t\t\t\t\t\t\t\t\t\t<a href=\"mailto:hr@nodem.de\">\n\n\t\t\t\t\t\t\t\t\t\t\t\t<span class=\"elementor-icon-list-icon\">\n\t\t\t\t\t\t\t<i aria-hidden=\"true\" class=\"far fa-envelope\"><\/i>\t\t\t\t\t\t<\/span>\n\t\t\t\t\t\t\t\t\t\t<span class=\"elementor-icon-list-text\">hr@nodem.de<\/span>\n\t\t\t\t\t\t\t\t\t\t\t<\/a>\n\t\t\t\t\t\t\t\t\t<\/li>\n\t\t\t\t\t\t<\/ul>\n\t\t\t\t<\/div>\n\t\t\t\t<\/div>\n\t\t\t\t\t<\/div>\n\t\t<\/div>\n\t\t\t\t<div class=\"elementor-column elementor-col-50 elementor-top-column elementor-element elementor-element-6941285 elementor-hidden-mobile\" data-id=\"6941285\" data-element_type=\"column\">\n\t\t\t<div class=\"elementor-widget-wrap\">\n\t\t\t\t\t\t\t<\/div>\n\t\t<\/div>\n\t\t\t\t\t<\/div>\n\t\t<\/section>\n\t\t\t\t<section class=\"elementor-section elementor-top-section elementor-element elementor-element-c8d6c92 elementor-section-full_width elementor-section-height-default elementor-section-height-default\" data-id=\"c8d6c92\" data-element_type=\"section\">\n\t\t\t\t\t\t<div class=\"elementor-container elementor-column-gap-default\">\n\t\t\t\t\t<div class=\"elementor-column elementor-col-100 elementor-top-column elementor-element elementor-element-323d13e\" data-id=\"323d13e\" data-element_type=\"column\">\n\t\t\t<div class=\"elementor-widget-wrap elementor-element-populated\">\n\t\t\t\t\t\t<div class=\"elementor-element elementor-element-584adaf elementor-widget__width-auto elementor-fixed elementor-widget elementor-widget-ucaddon_bullet_one_page_scroll_navigation\" data-id=\"584adaf\" data-element_type=\"widget\" data-settings=\"{&quot;_position&quot;:&quot;fixed&quot;,&quot;ekit_we_effect_on&quot;:&quot;none&quot;}\" data-widget_type=\"ucaddon_bullet_one_page_scroll_navigation.default\">\n\t\t\t\t<div class=\"elementor-widget-container\">\n\t\t\t<!-- start One Page Scroll Navigation -->\n\t\t\t<style type=\"text\/css\">\/* widget: One Page Scroll Navigation *\/\n\n#uc_bullet_one_page_scroll_navigation_elementor_584adaf .uc_nav-menu{\n\tmargin: 0;\n\tpadding: 0;\n\tlist-style: none;\n\tdisplay: flex;\n\tflex-direction: column;\n}\n\n#uc_bullet_one_page_scroll_navigation_elementor_584adaf a.ue-menu-item\n{\n  display:flex;\n  position:relative;\n  gap:14px;\n  align-items:center;\n}\n\n#uc_bullet_one_page_scroll_navigation_elementor_584adaf .uc_nav-menu a.ue-menu-item .ue-menu-item-icon\n{\n  display:inline-block;\n  position:relative;\n  display:flex;\n  align-items:center;\n  justify-content:center;\n  line-height:1em;\n  transition:0.3s;\n}\n\n#uc_bullet_one_page_scroll_navigation_elementor_584adaf .uc_nav-menu a.ue-menu-item .ue-menu-item-icon svg\n{\n  width:1em;\n  height:1em;\n}\n\n#uc_bullet_one_page_scroll_navigation_elementor_584adaf .uc_nav-menu a.ue-menu-item .ue-menu-tooltip {\n  display: inline-block;\n  opacity: 0;\n  transition: 0.3s;\n  background-color:#333333;\n  position:relative;\n  line-height:1em;\n}\n\n\n\n\n.ue-menu-tooltip\n{\n  font-size:11px;\n}\n\n\n#uc_bullet_one_page_scroll_navigation_elementor_584adaf .uc_nav-menu a.ue-menu-item .ue-menu-tooltip::before {\n  display: block;\n  position: absolute;\n  content: '';\n  border-top: 7px solid transparent;\n  border-bottom: 7px solid transparent;\n  top: 50%;\n  \n  transition: all .3s ease;\n}\n\n\n#uc_bullet_one_page_scroll_navigation_elementor_584adaf .uc_nav-menu a.ue-menu-item .ue-menu-tooltip::before {\n  border-left: 7px solid #333333;\n  right: 0;\n  transform: translate(7px, -50%);\n}\n\n#uc_bullet_one_page_scroll_navigation_elementor_584adaf .uc_nav-menu a.uc_active .ue-menu-tooltip  {\n  transform: translateX(0px);\n  opacity: 1;\n}   \n  @media only screen and (min-width: 1024px) {\n    #uc_bullet_one_page_scroll_navigation_elementor_584adaf .uc_nav-menu a.ue-menu-item:hover .ue-menu-tooltip  {\n    transform: translateX(0px);\n    opacity: 1;\n  } \n}\n\n\n<\/style>\n\n\t\t\t<div style=\"direction:rtl\">\n<nav id=\"uc_bullet_one_page_scroll_navigation_elementor_584adaf\" class=\"uc_navbar  \" data-enablesnap=\"false\" data-enablesnap-mobile=\"false\" data-iseditormode=\"no\">\n\t<ul class=\"uc_nav-menu\">\n\t\t<li>\n\t<a data-scroll='1' href='#1' class=\"ue-menu-item uc_dot\">\n  \t\t <div class=\"ue-menu-item-icon\"><i class='fas fa-circle'><\/i><\/div>\n      \t<span class=\"ue-menu-tooltip\">Willkommen<\/span>\n  \t<\/a>\n<\/li>\n<li>\n\t<a data-scroll='3' href='#3' class=\"ue-menu-item uc_dot\">\n  \t\t <div class=\"ue-menu-item-icon\"><i class='fas fa-circle'><\/i><\/div>\n      \t<span class=\"ue-menu-tooltip\">\u00dcber uns<\/span>\n  \t<\/a>\n<\/li>\n<li>\n\t<a data-scroll='2' href='#2' class=\"ue-menu-item uc_dot\">\n  \t\t <div class=\"ue-menu-item-icon\"><i class='fas fa-circle'><\/i><\/div>\n      \t<span class=\"ue-menu-tooltip\">Marke Deana<\/span>\n  \t<\/a>\n<\/li>\n<li>\n\t<a data-scroll='4' href='#4' class=\"ue-menu-item uc_dot\">\n  \t\t <div class=\"ue-menu-item-icon\"><i class='fas fa-circle'><\/i><\/div>\n      \t<span class=\"ue-menu-tooltip\">Karriere<\/span>\n  \t<\/a>\n<\/li>\n<li>\n\t<a data-scroll='5' href='#5' class=\"ue-menu-item uc_dot\">\n  \t\t <div class=\"ue-menu-item-icon\"><i class='fas fa-circle'><\/i><\/div>\n      \t<span class=\"ue-menu-tooltip\">Kontakt<\/span>\n  \t<\/a>\n<\/li>\n\n\t<\/ul>\n<\/nav>\n<\/div>\n\t\t\t<!-- end One Page Scroll Navigation -->\t\t<\/div>\n\t\t\t\t<\/div>\n\t\t\t\t\t<\/div>\n\t\t<\/div>\n\t\t\t\t\t<\/div>\n\t\t<\/section>\n\t\t\t\t<\/div>\n\t\t","protected":false},"excerpt":{"rendered":"<p>Willkommen Unsere Firma ist ein innovatives Unternehmen im Bereich E-Commerce. Wir entwickeln Produkte mit dem Fokus auf hohe Funktionalit\u00e4t zu einem sehr guten Preis-Leistungs-Verh\u00e4ltnis. Unsere breite Produktpalette erweitern wir dabei kontinuierlich. Wir verkaufen unsere Produkte \u00fcber Online-Marktpl\u00e4tze europaweit. mehr \u00fcber uns \u00dcber uns Wir sind stolz darauf, dass unser Unternehmen seinen Sitz in Bayern hat. [&hellip;]<\/p>\n","protected":false},"author":2,"featured_media":0,"parent":0,"menu_order":0,"comment_status":"closed","ping_status":"closed","template":"elementor_theme","meta":[],"_links":{"self":[{"href":"https:\/\/nodem.de\/index.php\/wp-json\/wp\/v2\/pages\/24"}],"collection":[{"href":"https:\/\/nodem.de\/index.php\/wp-json\/wp\/v2\/pages"}],"about":[{"href":"https:\/\/nodem.de\/index.php\/wp-json\/wp\/v2\/types\/page"}],"author":[{"embeddable":true,"href":"https:\/\/nodem.de\/index.php\/wp-json\/wp\/v2\/users\/2"}],"replies":[{"embeddable":true,"href":"https:\/\/nodem.de\/index.php\/wp-json\/wp\/v2\/comments?post=24"}],"version-history":[{"count":313,"href":"https:\/\/nodem.de\/index.php\/wp-json\/wp\/v2\/pages\/24\/revisions"}],"predecessor-version":[{"id":887,"href":"https:\/\/nodem.de\/index.php\/wp-json\/wp\/v2\/pages\/24\/revisions\/887"}],"wp:attachment":[{"href":"https:\/\/nodem.de\/index.php\/wp-json\/wp\/v2\/media?parent=24"}],"curies":[{"name":"wp","href":"https:\/\/api.w.org\/{rel}","templated":true}]}}